{"id":1536,"date":"2025-09-16T12:50:53","date_gmt":"2025-09-16T10:50:53","guid":{"rendered":"https:\/\/www.toyclub.es\/blog\/?page_id=1536"},"modified":"2025-09-16T13:07:53","modified_gmt":"2025-09-16T11:07:53","slug":"politica-de-cookies","status":"publish","type":"page","link":"https:\/\/www.toyclub.es\/blog\/politica-de-cookies\/","title":{"rendered":"POLITICA DE COOKIES"},"content":{"rendered":"\t\t<div data-elementor-type=\"wp-page\" data-elementor-id=\"1536\" class=\"elementor elementor-1536\" data-elementor-post-type=\"page\">\n\t\t\t\t<div data-wpr-sticky-section=\"yes\" data-wpr-position-type=\"fixed\" data-wpr-position-offset=\"0\" data-wpr-position-location=\"top\" data-wpr-sticky-devices=\"mobile_sticky tablet_sticky desktop_sticky\" data-wpr-custom-breakpoints=\"default\" data-wpr-active-breakpoints=\"mobile_sticky tablet_sticky desktop_sticky\" data-wpr-z-index=\"10\" data-wpr-sticky-hide=\"\" data-wpr-replace-header=\"\" data-wpr-animation-duration=\"\" data-wpr-sticky-type=\"\" class=\"elementor-element elementor-element-e1d20da wpr-sticky-section-yes e-flex e-con-boxed wpr-particle-no wpr-jarallax-no wpr-parallax-no e-con e-parent\" data-id=\"e1d20da\" data-element_type=\"container\" data-settings=\"{&quot;background_background&quot;:&quot;classic&quot;,&quot;position_offset_mobile&quot;:48,&quot;position_offset&quot;:0,&quot;position_offset_tablet&quot;:0}\">\n\t\t\t\t\t<div class=\"e-con-inner\">\n\t\t<a class=\"elementor-element elementor-element-1b36c50 e-con-full e-flex wpr-particle-no wpr-jarallax-no wpr-parallax-no wpr-sticky-section-no e-con e-child\" data-id=\"1b36c50\" data-element_type=\"container\" data-settings=\"{&quot;background_background&quot;:&quot;classic&quot;}\" href=\"https:\/\/www.toyclub.es\/blog\">\n\t\t\t\t<\/a>\n\t\t<div class=\"elementor-element elementor-element-999c326 e-con-full e-flex wpr-particle-no wpr-jarallax-no wpr-parallax-no wpr-sticky-section-no e-con e-child\" data-id=\"999c326\" data-element_type=\"container\">\n\t\t\t\t<div class=\"elementor-element elementor-element-8b50e35 wpr-main-menu-align-right wpr-main-menu-align--tabletleft wpr-main-menu-align--mobileleft wpr-pointer-underline wpr-pointer-line-fx wpr-pointer-fx-fade wpr-sub-icon-caret-down wpr-sub-menu-fx-fade wpr-nav-menu-bp-mobile wpr-mobile-menu-full-width wpr-mobile-menu-item-align-center wpr-mobile-toggle-v1 wpr-sub-divider-yes wpr-mobile-divider-yes elementor-widget elementor-widget-wpr-nav-menu\" data-id=\"8b50e35\" data-element_type=\"widget\" data-settings=\"{&quot;menu_layout&quot;:&quot;horizontal&quot;}\" data-widget_type=\"wpr-nav-menu.default\">\n\t\t\t\t<div class=\"elementor-widget-container\">\n\t\t\t\t\t<nav class=\"wpr-nav-menu-container wpr-nav-menu-horizontal\" data-trigger=\"hover\"><ul id=\"menu-1-8b50e35\" class=\"wpr-nav-menu\"><li class=\"menu-item menu-item-type-post_type menu-item-object-page menu-item-1336\"><a href=\"https:\/\/www.toyclub.es\/blog\/conocenos\/\" class=\"wpr-menu-item wpr-pointer-item\">CON\u00d3CENOS<\/a><\/li>\n<li class=\"menu-item menu-item-type-post_type menu-item-object-page menu-item-1342\"><a href=\"https:\/\/www.toyclub.es\/blog\/contactanos\/\" class=\"wpr-menu-item wpr-pointer-item\">CONTACTANOS<\/a><\/li>\n<li class=\"menu-item menu-item-type-custom menu-item-object-custom menu-item-home menu-item-853\"><a href=\"https:\/\/www.toyclub.es\/blog\/#marcas\" class=\"wpr-menu-item wpr-pointer-item\">NUESTRAS MARCAS<\/a><\/li>\n<li class=\"menu-item menu-item-type-custom menu-item-object-custom menu-item-home menu-item-854\"><a href=\"https:\/\/www.toyclub.es\/blog\/#catalogos\" class=\"wpr-menu-item wpr-pointer-item\">CAT\u00c1LOGOS<\/a><\/li>\n<li class=\"menu-item menu-item-type-custom menu-item-object-custom menu-item-855\"><a target=\"_blank\" href=\"https:\/\/cpadistributor.com\/\" class=\"wpr-menu-item wpr-pointer-item\">VISITA NUESTRA WEB<\/a><\/li>\n<li class=\"menu-item menu-item-type-post_type menu-item-object-page menu-item-1294\"><a href=\"https:\/\/www.toyclub.es\/blog\/gestor-archivos\/\" class=\"wpr-menu-item wpr-pointer-item\">\u00c1REA SOCIOS<\/a><\/li>\n<\/ul><\/nav><nav class=\"wpr-mobile-nav-menu-container\"><div class=\"wpr-mobile-toggle-wrap\"><div class=\"wpr-mobile-toggle\"><span class=\"wpr-mobile-toggle-line\"><\/span><span class=\"wpr-mobile-toggle-line\"><\/span><span class=\"wpr-mobile-toggle-line\"><\/span><\/div><\/div><ul id=\"mobile-menu-2-8b50e35\" class=\"wpr-mobile-nav-menu\"><li class=\"menu-item menu-item-type-post_type menu-item-object-page menu-item-1336\"><a href=\"https:\/\/www.toyclub.es\/blog\/conocenos\/\" class=\"wpr-mobile-menu-item\">CON\u00d3CENOS<\/a><\/li>\n<li class=\"menu-item menu-item-type-post_type menu-item-object-page menu-item-1342\"><a href=\"https:\/\/www.toyclub.es\/blog\/contactanos\/\" class=\"wpr-mobile-menu-item\">CONTACTANOS<\/a><\/li>\n<li class=\"menu-item menu-item-type-custom menu-item-object-custom menu-item-home menu-item-853\"><a href=\"https:\/\/www.toyclub.es\/blog\/#marcas\" class=\"wpr-mobile-menu-item\">NUESTRAS MARCAS<\/a><\/li>\n<li class=\"menu-item menu-item-type-custom menu-item-object-custom menu-item-home menu-item-854\"><a href=\"https:\/\/www.toyclub.es\/blog\/#catalogos\" class=\"wpr-mobile-menu-item\">CAT\u00c1LOGOS<\/a><\/li>\n<li class=\"menu-item menu-item-type-custom menu-item-object-custom menu-item-855\"><a target=\"_blank\" href=\"https:\/\/cpadistributor.com\/\" class=\"wpr-mobile-menu-item\">VISITA NUESTRA WEB<\/a><\/li>\n<li class=\"menu-item menu-item-type-post_type menu-item-object-page menu-item-1294\"><a href=\"https:\/\/www.toyclub.es\/blog\/gestor-archivos\/\" class=\"wpr-mobile-menu-item\">\u00c1REA SOCIOS<\/a><\/li>\n<\/ul><\/nav>\t\t\t\t<\/div>\n\t\t\t\t<\/div>\n\t\t\t\t<\/div>\n\t\t\t\t\t<\/div>\n\t\t\t\t<\/div>\n\t\t<div class=\"elementor-element elementor-element-bb89159 e-flex e-con-boxed wpr-particle-no wpr-sticky-section-no e-con e-parent\" data-id=\"bb89159\" data-element_type=\"container\" data-settings=\"{&quot;background_background&quot;:&quot;classic&quot;}\">\n\t\t\t\t\t<div class=\"e-con-inner\">\n\t\t\t\t<div class=\"elementor-element elementor-element-34082e1 elementor-widget elementor-widget-text-editor\" data-id=\"34082e1\" data-element_type=\"widget\" data-widget_type=\"text-editor.default\">\n\t\t\t\t<div class=\"elementor-widget-container\">\n\t\t\t\t\t\t\t\t\t<h1 class=\"h1 page-title\"><span style=\"color: #1d94a4;\"><strong>Pol\u00edtica de Cookies<\/strong><\/span><\/h1><section id=\"content\" class=\"page-content page-cms page-cms-5\"><div class=\"rte-content\"><p>En cumplimiento con lo dispuesto en el art\u00edculo 22.2 de la Ley 34\/2002, de 11 de julio, de Servicios de la Sociedad de la Informaci\u00f3n y de Comercio Electr\u00f3nico, esta p\u00e1gina web le informa, en esta secci\u00f3n, sobre la pol\u00edtica de recogida y tratamiento de cookies<\/p><p><strong>\u00bfQu\u00e9 son las cookies?<\/strong><\/p><p>Una cookie es un fichero que se descarga en su ordenador al acceder a determinadas p\u00e1ginas web. Las cookies permiten a una p\u00e1gina web, entre otras cosas, almacenar y recuperar informaci\u00f3n sobre los h\u00e1bitos de navegaci\u00f3n de un usuario o de su equipo y, dependiendo de la informaci\u00f3n que contengan y de la forma en que utilice su equipo, pueden utilizarse para reconocer al usuario.<\/p><ul><li><strong>sf_redirect :<\/strong>\u00a0Cookie que se usa para redirigir la sesi\u00f3n del usuarios. No necesaria. De sesi\u00f3n.<\/li><\/ul><p><strong>\u00bfQu\u00e9 tipos de cookies utiliza esta p\u00e1gina web?<\/strong><\/p><p><strong>Cookies de an\u00e1lisis<\/strong>\u00a0\u2013 Son aqu\u00e9llas que bien tratadas por nosotros o por terceros, nos permiten cuantificar el n\u00famero de usuarios y as\u00ed realizar la medici\u00f3n y an\u00e1lisis estad\u00edstico de la utilizaci\u00f3n que hacen los usuarios del servicio ofertado. Para ello se analiza su navegaci\u00f3n en nuestra p\u00e1gina web con el fin de mejorar la oferta de productos o servicios que le ofrecemos.<\/p><p><strong>Cookies publicitarias<\/strong>\u00a0\u2013 Son aqu\u00e9llas que, bien tratadas por nosotros o por terceros, nos permiten gestionar de la forma m\u00e1s eficaz posible la oferta de los espacios publicitarios que hay en la p\u00e1gina web, adecuando el contenido del anuncio al contenido del servicio solicitado o al uso que realice de nuestra p\u00e1gina web. Para ello podemos analizar sus h\u00e1bitos de navegaci\u00f3n en Internet y podemos mostrarle publicidad relacionada con su perfil de navegaci\u00f3n.<\/p><p><strong>C\u00f3mo desactivar las Cookies<\/strong><\/p><p>Puede usted permitir, bloquear o eliminar las cookies instaladas en su equipo mediante la configuraci\u00f3n de las opciones del navegador instalado en su ordenador.<\/p><p>A continuaci\u00f3n puede acceder a la configuraci\u00f3n de los navegadores webs m\u00e1s frecuentes para aceptar, instalar o desactivar las cookies:<\/p><ul><li><strong>Firefox<\/strong><\/li><li><strong>Safari<\/strong><\/li><li><strong>Google Chrome<\/strong><\/li><\/ul><p><strong>Cookies de Terceros<\/strong><\/p><p>Esta p\u00e1gina web utiliza servicios de terceros para recopilar informaci\u00f3n con fines estad\u00edsticos y de uso de la web.<\/p><address><table class=\"t1\" cellspacing=\"0\" cellpadding=\"0\"><tbody><tr><td class=\"td1\" valign=\"top\"><p class=\"p1\">googtrans<\/p><\/td><td class=\"td1\" valign=\"top\"><p class=\"p1\">Terceros<\/p><\/td><td class=\"td1\" valign=\"top\"><p class=\"p1\">Sesi\u00f3n<\/p><\/td><td class=\"td1\" valign=\"top\"><p class=\"p1\">.translate.google.com<\/p><\/td><\/tr><tr><td class=\"td1\" valign=\"top\"><p class=\"p1\">_ga<\/p><\/td><td class=\"td1\" valign=\"top\"><p class=\"p1\">Terceros<\/p><\/td><td class=\"td1\" valign=\"top\"><p class=\"p1\">2 a\u00f1os<\/p><\/td><td class=\"td1\" valign=\"top\"><p class=\"p5\"><span class=\"s4\"><a href=\"http:\/\/www.google.es\/intl\/es\/analytics\/privacyoverview.html\">www.google.com\/analytics<\/a><\/span><\/p><\/td><\/tr><tr><td class=\"td1\" valign=\"top\"><p class=\"p1\">__utma<\/p><\/td><td class=\"td1\" valign=\"top\"><p class=\"p1\">Terceros<\/p><\/td><td class=\"td1\" valign=\"top\"><p class=\"p1\">2 a\u00f1os<\/p><\/td><td class=\"td1\" valign=\"top\"><p class=\"p5\"><span class=\"s4\"><a href=\"http:\/\/www.google.es\/intl\/es\/analytics\/privacyoverview.html\">www.google.com\/analytics<\/a><\/span><\/p><\/td><\/tr><tr><td class=\"td1\" valign=\"top\"><p class=\"p1\">__utmb<\/p><\/td><td class=\"td1\" valign=\"top\"><p class=\"p1\">Terceros<\/p><\/td><td class=\"td1\" valign=\"top\"><p class=\"p1\">30 minutos<\/p><\/td><td class=\"td1\" valign=\"top\"><p class=\"p5\"><span class=\"s4\"><a href=\"http:\/\/www.google.es\/intl\/es\/analytics\/privacyoverview.html\">www.google.com\/analytics<\/a><\/span><\/p><\/td><\/tr><tr><td class=\"td1\" valign=\"top\"><p class=\"p1\">__utmc<\/p><\/td><td class=\"td1\" valign=\"top\"><p class=\"p1\">Terceros<\/p><\/td><td class=\"td1\" valign=\"top\"><p class=\"p1\">Sesi\u00f3n<\/p><\/td><td class=\"td1\" valign=\"top\"><p class=\"p5\"><span class=\"s4\"><a href=\"http:\/\/www.google.es\/intl\/es\/analytics\/privacyoverview.html\">www.google.com\/analytics<\/a><\/span><\/p><\/td><\/tr><tr><td class=\"td1\" valign=\"top\"><p class=\"p1\">__utmz<\/p><\/td><td class=\"td1\" valign=\"top\"><p class=\"p1\">Terceros<\/p><\/td><td class=\"td1\" valign=\"top\"><p class=\"p1\">6 meses<\/p><\/td><td class=\"td1\" valign=\"top\"><p class=\"p5\"><span class=\"s4\"><a href=\"http:\/\/www.google.es\/intl\/es\/analytics\/privacyoverview.html\">www.google.com\/analytics<\/a><\/span><\/p><\/td><\/tr><tr><td class=\"td1\" valign=\"top\"><p class=\"p1\">__utmv<\/p><\/td><td class=\"td1\" valign=\"top\"><p class=\"p1\">Terceros<\/p><\/td><td class=\"td1\" valign=\"top\"><p class=\"p1\">2 a\u00f1os<\/p><\/td><td class=\"td1\" valign=\"top\"><p class=\"p5\"><span class=\"s4\"><a href=\"http:\/\/www.google.es\/intl\/es\/analytics\/privacyoverview.html\">www.google.com\/analytics<\/a><\/span><\/p><\/td><\/tr><\/tbody><\/table><\/address><\/div><\/section>\t\t\t\t\t\t\t\t<\/div>\n\t\t\t\t<\/div>\n\t\t\t\t\t<\/div>\n\t\t\t\t<\/div>\n\t\t<div class=\"elementor-element elementor-element-5cef889 e-flex e-con-boxed wpr-particle-no wpr-jarallax-no wpr-parallax-no wpr-sticky-section-no e-con e-parent\" data-id=\"5cef889\" data-element_type=\"container\" data-settings=\"{&quot;background_background&quot;:&quot;classic&quot;}\">\n\t\t\t\t\t<div class=\"e-con-inner\">\n\t\t<div class=\"elementor-element elementor-element-b4fff71 e-grid e-con-full wpr-particle-no wpr-jarallax-no wpr-parallax-no wpr-sticky-section-no e-con e-child\" data-id=\"b4fff71\" data-element_type=\"container\">\n\t\t<div class=\"elementor-element elementor-element-1b6bc3b e-con-full e-flex wpr-particle-no wpr-jarallax-no wpr-parallax-no wpr-sticky-section-no e-con e-child\" data-id=\"1b6bc3b\" data-element_type=\"container\">\n\t\t\t\t<div class=\"elementor-element elementor-element-ec06bc1 elementor-widget elementor-widget-image\" data-id=\"ec06bc1\" data-element_type=\"widget\" data-widget_type=\"image.default\">\n\t\t\t\t<div class=\"elementor-widget-container\">\n\t\t\t\t\t\t\t\t\t\t\t\t\t\t\t<img decoding=\"async\" width=\"320\" height=\"129\" src=\"https:\/\/www.toyclub.es\/blog\/wp-content\/uploads\/2025\/07\/CPA-color.png\" class=\"attachment-large size-large wp-image-909\" alt=\"\" srcset=\"https:\/\/www.toyclub.es\/blog\/wp-content\/uploads\/2025\/07\/CPA-color.png 320w, https:\/\/www.toyclub.es\/blog\/wp-content\/uploads\/2025\/07\/CPA-color-300x121.png 300w\" sizes=\"(max-width: 320px) 100vw, 320px\" \/>\t\t\t\t\t\t\t\t\t\t\t\t\t\t\t<\/div>\n\t\t\t\t<\/div>\n\t\t\t\t<div class=\"elementor-element elementor-element-e734d63 elementor-widget elementor-widget-text-editor\" data-id=\"e734d63\" data-element_type=\"widget\" data-widget_type=\"text-editor.default\">\n\t\t\t\t<div class=\"elementor-widget-container\">\n\t\t\t\t\t\t\t\t\t<p>Cpa Distributor, adem\u00e1s de presentar su propia marca Tachan y ofrecer un amplio porfolio en referencias de juguete de actualidad, est\u00e1 especializado en producto de oferta, siendo uno de los referentes m\u00e1s importantes de nuestro sector.<\/p>\t\t\t\t\t\t\t\t<\/div>\n\t\t\t\t<\/div>\n\t\t\t\t<\/div>\n\t\t<div class=\"elementor-element elementor-element-7d7bad8 e-con-full e-flex wpr-particle-no wpr-jarallax-no wpr-parallax-no wpr-sticky-section-no e-con e-child\" data-id=\"7d7bad8\" data-element_type=\"container\">\n\t\t\t\t<div class=\"elementor-element elementor-element-b136fc1 elementor-widget elementor-widget-heading\" data-id=\"b136fc1\" data-element_type=\"widget\" data-widget_type=\"heading.default\">\n\t\t\t\t<div class=\"elementor-widget-container\">\n\t\t\t\t\t<h2 class=\"elementor-heading-title elementor-size-default\">ADVERTENCIA<\/h2>\t\t\t\t<\/div>\n\t\t\t\t<\/div>\n\t\t\t\t<div class=\"elementor-element elementor-element-96ec86d elementor-widget elementor-widget-text-editor\" data-id=\"96ec86d\" data-element_type=\"widget\" data-widget_type=\"text-editor.default\">\n\t\t\t\t<div class=\"elementor-widget-container\">\n\t\t\t\t\t\t\t\t\t<p>El contenido de esta web es confidencial. Para acceder al contenido es necesario un usuario y contrase\u00f1a facilitadas por el departamento de atenci\u00f3n al socio del grupo\u00a0<b>ToyClub<\/b>.<\/p>\t\t\t\t\t\t\t\t<\/div>\n\t\t\t\t<\/div>\n\t\t\t\t<\/div>\n\t\t<div class=\"elementor-element elementor-element-1f301fe e-con-full e-flex wpr-particle-no wpr-jarallax-no wpr-parallax-no wpr-sticky-section-no e-con e-child\" data-id=\"1f301fe\" data-element_type=\"container\">\n\t\t\t\t<div class=\"elementor-element elementor-element-fbe0882 elementor-widget elementor-widget-heading\" data-id=\"fbe0882\" data-element_type=\"widget\" data-widget_type=\"heading.default\">\n\t\t\t\t<div class=\"elementor-widget-container\">\n\t\t\t\t\t<h2 class=\"elementor-heading-title elementor-size-default\">CPA TOY GROUP TRADING SL.<\/h2>\t\t\t\t<\/div>\n\t\t\t\t<\/div>\n\t\t\t\t<div class=\"elementor-element elementor-element-912790e elementor-icon-list--layout-traditional elementor-list-item-link-full_width elementor-widget elementor-widget-icon-list\" data-id=\"912790e\" data-element_type=\"widget\" data-widget_type=\"icon-list.default\">\n\t\t\t\t<div class=\"elementor-widget-container\">\n\t\t\t\t\t\t\t<ul class=\"elementor-icon-list-items\">\n\t\t\t\t\t\t\t<li class=\"elementor-icon-list-item\">\n\t\t\t\t\t\t\t\t\t\t\t<a href=\"https:\/\/www.toyclub.es\/blog\/aviso-legal-y-politica-de-privacidad\/\">\n\n\t\t\t\t\t\t\t\t\t\t\t\t<span class=\"elementor-icon-list-icon\">\n\t\t\t\t\t\t\t<svg aria-hidden=\"true\" class=\"e-font-icon-svg e-fas-arrow-right\" viewBox=\"0 0 448 512\" xmlns=\"http:\/\/www.w3.org\/2000\/svg\"><path d=\"M190.5 66.9l22.2-22.2c9.4-9.4 24.6-9.4 33.9 0L441 239c9.4 9.4 9.4 24.6 0 33.9L246.6 467.3c-9.4 9.4-24.6 9.4-33.9 0l-22.2-22.2c-9.5-9.5-9.3-25 .4-34.3L311.4 296H24c-13.3 0-24-10.7-24-24v-32c0-13.3 10.7-24 24-24h287.4L190.9 101.2c-9.8-9.3-10-24.8-.4-34.3z\"><\/path><\/svg>\t\t\t\t\t\t<\/span>\n\t\t\t\t\t\t\t\t\t\t<span class=\"elementor-icon-list-text\">Pol\u00edtica de Privacidad y Aviso Legal<\/span>\n\t\t\t\t\t\t\t\t\t\t\t<\/a>\n\t\t\t\t\t\t\t\t\t<\/li>\n\t\t\t\t\t\t\t\t<li class=\"elementor-icon-list-item\">\n\t\t\t\t\t\t\t\t\t\t\t<a href=\"https:\/\/www.toyclub.es\/blog\/politica-de-cookies\/\">\n\n\t\t\t\t\t\t\t\t\t\t\t\t<span class=\"elementor-icon-list-icon\">\n\t\t\t\t\t\t\t<svg aria-hidden=\"true\" class=\"e-font-icon-svg e-fas-arrow-right\" viewBox=\"0 0 448 512\" xmlns=\"http:\/\/www.w3.org\/2000\/svg\"><path d=\"M190.5 66.9l22.2-22.2c9.4-9.4 24.6-9.4 33.9 0L441 239c9.4 9.4 9.4 24.6 0 33.9L246.6 467.3c-9.4 9.4-24.6 9.4-33.9 0l-22.2-22.2c-9.5-9.5-9.3-25 .4-34.3L311.4 296H24c-13.3 0-24-10.7-24-24v-32c0-13.3 10.7-24 24-24h287.4L190.9 101.2c-9.8-9.3-10-24.8-.4-34.3z\"><\/path><\/svg>\t\t\t\t\t\t<\/span>\n\t\t\t\t\t\t\t\t\t\t<span class=\"elementor-icon-list-text\">Pol\u00edtica de Cookies<\/span>\n\t\t\t\t\t\t\t\t\t\t\t<\/a>\n\t\t\t\t\t\t\t\t\t<\/li>\n\t\t\t\t\t\t<\/ul>\n\t\t\t\t\t\t<\/div>\n\t\t\t\t<\/div>\n\t\t\t\t<\/div>\n\t\t\t\t<\/div>\n\t\t\t\t\t<\/div>\n\t\t\t\t<\/div>\n\t\t<div class=\"elementor-element elementor-element-8ac0580 e-flex e-con-boxed wpr-particle-no wpr-jarallax-no wpr-parallax-no wpr-sticky-section-no e-con e-parent\" data-id=\"8ac0580\" data-element_type=\"container\" data-settings=\"{&quot;background_background&quot;:&quot;classic&quot;}\">\n\t\t\t\t\t<div class=\"e-con-inner\">\n\t\t\t\t<div class=\"elementor-element elementor-element-e16e7f1 elementor-widget elementor-widget-text-editor\" data-id=\"e16e7f1\" data-element_type=\"widget\" data-widget_type=\"text-editor.default\">\n\t\t\t\t<div class=\"elementor-widget-container\">\n\t\t\t\t\t\t\t\t\t<p>CPA TOY GROUP TRADING SL. 2025<\/p>\t\t\t\t\t\t\t\t<\/div>\n\t\t\t\t<\/div>\n\t\t\t\t\t<\/div>\n\t\t\t\t<\/div>\n\t\t\t\t<\/div>\n\t\t","protected":false},"excerpt":{"rendered":"<p>CON\u00d3CENOS CONTACTANOS NUESTRAS MARCAS CAT\u00c1LOGOS VISITA NUESTRA WEB \u00c1REA SOCIOS CON\u00d3CENOS CONTACTANOS NUESTRAS MARCAS CAT\u00c1LOGOS VISITA NUESTRA WEB \u00c1REA SOCIOS Pol\u00edtica de Cookies En cumplimiento con lo dispuesto en el art\u00edculo 22.2 de la Ley 34\/2002, de 11 de julio, de Servicios de la Sociedad de la Informaci\u00f3n y de Comercio Electr\u00f3nico, esta p\u00e1gina web le informa, en esta secci\u00f3n, sobre la pol\u00edtica de recogida y tratamiento de cookies \u00bfQu\u00e9 son las cookies? Una cookie es un fichero que se descarga en su ordenador al acceder a determinadas p\u00e1ginas web. Las cookies permiten a una p\u00e1gina web, entre otras cosas, almacenar y recuperar informaci\u00f3n sobre los h\u00e1bitos de navegaci\u00f3n de un usuario o de su equipo y, dependiendo de la informaci\u00f3n que contengan y de la forma en que utilice su equipo, pueden utilizarse para reconocer al usuario. sf_redirect :\u00a0Cookie que se usa para redirigir la sesi\u00f3n del usuarios. No necesaria. De sesi\u00f3n. \u00bfQu\u00e9 tipos de cookies utiliza esta p\u00e1gina web? Cookies de an\u00e1lisis\u00a0\u2013 Son aqu\u00e9llas que bien tratadas por nosotros o por terceros, nos permiten cuantificar el n\u00famero de usuarios y as\u00ed realizar la medici\u00f3n y an\u00e1lisis estad\u00edstico de la utilizaci\u00f3n que hacen los usuarios del servicio ofertado. Para ello se analiza su navegaci\u00f3n en nuestra p\u00e1gina web con el fin de mejorar la oferta de productos o servicios que le ofrecemos. Cookies publicitarias\u00a0\u2013 Son aqu\u00e9llas que, bien tratadas por nosotros o por terceros, nos permiten gestionar de la forma m\u00e1s eficaz posible la oferta de los espacios publicitarios que hay en la p\u00e1gina web, adecuando el contenido del anuncio al contenido del servicio solicitado o al uso que realice de nuestra p\u00e1gina web. Para ello podemos analizar sus h\u00e1bitos de navegaci\u00f3n en Internet y podemos mostrarle publicidad relacionada con su perfil de navegaci\u00f3n. C\u00f3mo desactivar las Cookies Puede usted permitir, bloquear o eliminar las cookies instaladas en su equipo mediante la configuraci\u00f3n de las opciones del navegador instalado en su ordenador. A continuaci\u00f3n puede acceder a la configuraci\u00f3n de los navegadores webs m\u00e1s frecuentes para aceptar, instalar o desactivar las cookies: Firefox Safari Google Chrome Cookies de Terceros Esta p\u00e1gina web utiliza servicios de terceros para recopilar informaci\u00f3n con fines estad\u00edsticos y de uso de la web. googtrans Terceros Sesi\u00f3n .translate.google.com _ga Terceros 2 a\u00f1os www.google.com\/analytics __utma Terceros 2 a\u00f1os www.google.com\/analytics __utmb Terceros 30 minutos www.google.com\/analytics __utmc Terceros Sesi\u00f3n www.google.com\/analytics __utmz Terceros 6 meses www.google.com\/analytics __utmv Terceros 2 a\u00f1os www.google.com\/analytics Cpa Distributor, adem\u00e1s de presentar su propia marca Tachan y ofrecer un amplio porfolio en referencias de juguete de actualidad, est\u00e1 especializado en producto de oferta, siendo uno de los referentes m\u00e1s importantes de nuestro sector. ADVERTENCIA El contenido de esta web es confidencial. Para acceder al contenido es necesario un usuario y contrase\u00f1a facilitadas por el departamento de atenci\u00f3n al socio del grupo\u00a0ToyClub. CPA TOY GROUP TRADING SL. Pol\u00edtica de Privacidad y Aviso Legal Pol\u00edtica de Cookies CPA TOY GROUP TRADING SL. 2025<\/p>\n","protected":false},"author":111,"featured_media":0,"parent":0,"menu_order":0,"comment_status":"closed","ping_status":"closed","template":"elementor_canvas","meta":{"footnotes":""},"class_list":["post-1536","page","type-page","status-publish","h-entry","hentry","h-as-page"],"_links":{"self":[{"href":"https:\/\/www.toyclub.es\/blog\/wp-json\/wp\/v2\/pages\/1536","targetHints":{"allow":["GET"]}}],"collection":[{"href":"https:\/\/www.toyclub.es\/blog\/wp-json\/wp\/v2\/pages"}],"about":[{"href":"https:\/\/www.toyclub.es\/blog\/wp-json\/wp\/v2\/types\/page"}],"author":[{"embeddable":true,"href":"https:\/\/www.toyclub.es\/blog\/wp-json\/wp\/v2\/users\/111"}],"replies":[{"embeddable":true,"href":"https:\/\/www.toyclub.es\/blog\/wp-json\/wp\/v2\/comments?post=1536"}],"version-history":[{"count":10,"href":"https:\/\/www.toyclub.es\/blog\/wp-json\/wp\/v2\/pages\/1536\/revisions"}],"predecessor-version":[{"id":1577,"href":"https:\/\/www.toyclub.es\/blog\/wp-json\/wp\/v2\/pages\/1536\/revisions\/1577"}],"wp:attachment":[{"href":"https:\/\/www.toyclub.es\/blog\/wp-json\/wp\/v2\/media?parent=1536"}],"curies":[{"name":"wp","href":"https:\/\/api.w.org\/{rel}","templated":true}]}}